{"id":1073,"date":"2023-06-09T02:13:55","date_gmt":"2023-06-09T00:13:55","guid":{"rendered":"https:\/\/www.aperoscope.fr\/?page_id=1073"},"modified":"2023-06-09T11:30:58","modified_gmt":"2023-06-09T09:30:58","slug":"aperoscope-11","status":"publish","type":"page","link":"https:\/\/www.aperoscope.fr\/?page_id=1073","title":{"rendered":"Aperoscope #11"},"content":{"rendered":"<p>[et_pb_section fb_built=\u00a0\u00bb1&Prime; fullwidth=\u00a0\u00bbon\u00a0\u00bb _builder_version=\u00a0\u00bb3.0.47&Prime;][et_pb_fullwidth_image src=\u00a0\u00bbhttps:\/\/www.aperoscope.fr\/wp-content\/uploads\/2023\/06\/Aperoscope11alaCHAPELLEdelavisitation.png\u00a0\u00bb _builder_version=\u00a0\u00bb3.8&Prime;][\/et_pb_fullwidth_image][\/et_pb_section][et_pb_section fb_built=\u00a0\u00bb1&Prime; _builder_version=\u00a0\u00bb3.0.47&Prime;][et_pb_row _builder_version=\u00a0\u00bb3.8&Prime; background_size=\u00a0\u00bbinitial\u00a0\u00bb background_position=\u00a0\u00bbtop_left\u00a0\u00bb background_repeat=\u00a0\u00bbrepeat\u00a0\u00bb][et_pb_column type=\u00a0\u00bb4_4&Prime; _builder_version=\u00a0\u00bb3.0.47&Prime; parallax=\u00a0\u00bboff\u00a0\u00bb parallax_method=\u00a0\u00bbon\u00a0\u00bb][et_pb_text _builder_version=\u00a0\u00bb3.8&Prime;]<\/p>\n<h2>Ap\u00e9roscope #11<\/h2>\n<p>La soir\u00e9e Ap\u00e9roscope #11 s&rsquo;est d\u00e9roul\u00e9e \u00e0 la Chapelle de la Visitation le 4 mai 2023 !<\/p>\n<p>Un grand merci\u00a0 au Conseil D\u00e9partemental de la Haute-Vienne pour leur accueil !<br \/>\n[\/et_pb_text][et_pb_divider _builder_version=\u00a0\u00bb3.8&Prime;][\/et_pb_divider][et_pb_text _builder_version=\u00a0\u00bb3.8&Prime;]<\/p>\n<h2>Au programme :<\/h2>\n<p>Comme \u00e0 l&rsquo;accoutum\u00e9 8 invit\u00e9s aux profils vari\u00e9s \u00e9taient parmi nous pour pr\u00e9senter leurs activit\u00e9s !<br \/>\n[\/et_pb_text][et_pb_team_member name=\u00a0\u00bbLa Bougeotte\u00a0\u00bb position=\u00a0\u00bbSite internet : lesconcertsalamaison.com\u00a0\u00bb image_url=\u00a0\u00bbhttps:\/\/www.aperoscope.fr\/wp-content\/uploads\/2023\/06\/291339228_160300373215474_4790826466933081741_n.jpg\u00a0\u00bb facebook_url=\u00a0\u00bbhttps:\/\/www.facebook.com\/lesconcertsalamaison\/\u00a0\u00bb admin_label=\u00a0\u00bbLa Bougeotte\u00a0\u00bb _builder_version=\u00a0\u00bb3.8&Prime;]<span style=\"font-weight: 400;\"><strong>Ce sont Lucie et Lucie qui vous ont pr\u00e9sent\u00e9 La Bougeotte, l&rsquo;association culturelle pour le vivre-ensemble et la lutte contre l&rsquo;isolement social et g\u00e9ographique.<\/strong><\/span><\/p>\n<p><span style=\"font-weight: 400;\"><br \/>\n<\/span><span style=\"font-weight: 400;\">R\u00e9unissant des habitant.e.s du d\u00e9partement de la Haute-Vienne, les membres de La Bougeotte d\u00e9ploient leur \u00e9nergie dans des \u00e9v\u00e8nements qui se veulent inclusifs, \u00e0 l\u2019image du festival <strong><em>\u00ab\u00a0Les concerts \u00e0 la maison\u00a0\u00bb<\/em><\/strong> qu\u2019ils ont choisi de vous pr\u00e9senter.\u00a0<\/span><\/p>\n<p><span style=\"font-weight: 400;\"><strong><em>\u00ab\u00a0Les concerts \u00e0 la maison\u00a0\u00bb <\/em><\/strong>est un festival itin\u00e9rant de concerts organis\u00e9s chez des particuliers, dans toute la Haute-Vienne. Les habitant\u00b7es<\/span><span style=\"font-weight: 400;\"> ouvrent les portes de leurs jardins et l\u2019association se charge de l&rsquo;organisation du concert. Tous les jeudis de l&rsquo;\u00e9t\u00e9, il est ainsi possible de venir assister \u00e0 un concert intimiste, unique, et chaleureux.<br \/>\n<\/span><\/p>\n<p>Venez d\u00e9couvrir la pr\u00e9sentation en pdf :\u00a0<a href=\"https:\/\/www.aperoscope.fr\/wp-content\/uploads\/2023\/06\/01_Bougeotte.pdf\" rel=\"attachment wp-att-1192\">01_Bougeotte<\/a><br \/>\n<a href=\"https:\/\/www.instagram.com\/lesconcerts.alamaison\/\" target=\"_blank\" rel=\"noopener noreferrer\"><b>Instagram<\/b><\/a><span style=\"font-weight: 400;\">\u00a0<\/span><br \/>\n[\/et_pb_team_member][et_pb_team_member name=\u00a0\u00bbLe Centre International de la Caricature, du Dessin de Presse et d&rsquo;Humour\u00a0\u00bb position=\u00a0\u00bbSite internet : centredessinpresse-stjust.com\u00a0\u00bb image_url=\u00a0\u00bbhttps:\/\/www.aperoscope.fr\/wp-content\/uploads\/2023\/06\/LOGO-4-crayons-coul.jpg\u00a0\u00bb facebook_url=\u00a0\u00bbhttps:\/\/www.facebook.com\/salondelhumour\/\u00a0\u00bb admin_label=\u00a0\u00bbSerge Battu\u00a0\u00bb _builder_version=\u00a0\u00bb3.8&Prime; header_font=\u00a0\u00bb||||||||\u00a0\u00bb]<strong>Pour cette seconde pr\u00e9sentation de la soir\u00e9e, Isabelle Gilliard nous a pr\u00e9sent\u00e9 le Centre International. Arriv\u00e9e en\u00a0<\/strong><strong>2022 en tant que charg\u00e9e de la communication et de la logistique de l&rsquo;association, elle accueille les visiteurs des expositions au Centre International de la Caricature, du Dessin de Presse et d&rsquo;Humour.\u00a0<\/strong><\/p>\n<p><span style=\"font-weight: 400;\">Depuis 1983, l&rsquo;association Saint Just Culture Loisirs g\u00e8re 3 entit\u00e9s : <\/span><\/p>\n<ul>\n<li><span style=\"font-weight: 400;\">le Salon International de la Caricature, du Dessin de Presse et d&rsquo;Humour qui se tiendra du 23 septembre au 1er octobre 2023;<\/span><\/li>\n<li><span style=\"font-weight: 400;\">Le Centre International qui propose des expositions tout au long de l&rsquo;ann\u00e9e;<\/span><\/li>\n<li><span style=\"font-weight: 400;\">pour finir, l&rsquo;Ecole des Justins, une \u00e9cole de dessin de presse.<\/span><\/li>\n<\/ul>\n<p>Parmi les projets de l&rsquo;association on retrouve notamment le d\u00e9veloppement du p\u00f4le culturel, la cr\u00e9ation d&rsquo;une \u00e9mission d\u00e9di\u00e9e aux dessins d&rsquo;actualit\u00e9 sur les r\u00e9seaux sociaux ainsi que la diversification de l&rsquo;exp\u00e9rience du public lors des visites des expositions et du salon.<\/p>\n<p>Retrouvez la pr\u00e9sentation d&rsquo;Isabelle en pdf :\u00a0<a href=\"https:\/\/www.aperoscope.fr\/wp-content\/uploads\/2023\/06\/02_Centre_caricature.pdf\" rel=\"attachment wp-att-1198\">02_Centre_caricature<\/a><\/p>\n<p><a href=\"https:\/\/www.instagram.com\/salon_de_st_just_le_martel\/\">Instagram<\/a> &#8211; <a href=\"https:\/\/www.youtube.com\/@associationsaint-justcultu5538\">Youtube<\/a><br \/>\n[\/et_pb_team_member][et_pb_team_member name=\u00a0\u00bbL&rsquo;Oeil\u00a0\u00bb position=\u00a0\u00bbSite internet : oeilprod.fr\u00a0\u00bb image_url=\u00a0\u00bbhttps:\/\/www.aperoscope.fr\/wp-content\/uploads\/2023\/06\/img6.png\u00a0\u00bb facebook_url=\u00a0\u00bbhttps:\/\/www.facebook.com\/Loeil.prod.limoges\/\u00a0\u00bb admin_label=\u00a0\u00bbLa Cyclisterie\u00a0\u00bb _builder_version=\u00a0\u00bb3.8&Prime;]<strong>Pour cette troisi\u00e8me pr\u00e9sentation, c&rsquo;est au tour d&rsquo;Aimy Vaillant et Robin Bonafy, membres de l\u2019association audiovisuelle L\u2019Oeil.<\/strong><\/p>\n<p>L\u2019Oeil est une association dans le domaine de l\u2019audiovisuel cr\u00e9\u00e9e en 2017 \u00e0 Limoges.\u00a0\u00c0 travers les projets port\u00e9s par l&rsquo;association, le but est avant tout de sensibiliser le public en r\u00e9alisant des fictions pr\u00e9ventives, \u00e0 destination d\u2019\u00e9tablissements scolaires ou de campagnes de pr\u00e9vention.<\/p>\n<p>Les b\u00e9n\u00e9voles travaillent dans un second temps pour la mise en avant des acteurs locaux du domaine du cin\u00e9ma, tout en cr\u00e9ant un lien avec leurs spectateurs, par l\u2019interm\u00e9diaire de m\u00e9dias p\u00e9dagogiques et\/ou informatifs. L\u2019Oeil accompagne \u00e9galement la cr\u00e9ation de fictions amateures dans leurs r\u00e9alisations.<\/p>\n<p>Dans un troisi\u00e8me temps, l\u2019association r\u00e9alise des prestations (courts et long m\u00e9trages pr\u00e9ventifs, films institutionnels, clips, captation multicam&#8230;) Les membres adaptent les r\u00e9alisations en fonction de chaque demande. Les fonds collect\u00e9s gr\u00e2ce aux prestations permettent d\u2019aider l\u2019association \u00e0 couvrir ses besoins financiers en compl\u00e9ments des dons, des m\u00e9c\u00e9nats, des aides et des subventions.<\/p>\n<p>Quelques petits chiffres : depuis 2018 L\u2019Oeil, c\u2019est 8 r\u00e9alisations, 400 b\u00e9n\u00e9voles, 10 projections publiques, plus de 3000 personnes sensibilis\u00e9es.<\/p>\n<p>Pour d\u00e9couvrir la pr\u00e9sentation d&rsquo;Aimy et Robin, c&rsquo;est en pdf :\u00a0<a href=\"https:\/\/www.aperoscope.fr\/wp-content\/uploads\/2023\/06\/03_loeil.pdf\" rel=\"attachment wp-att-1204\">03_loeil<\/a><\/p>\n<p><a href=\"https:\/\/www.instagram.com\/oeil.prod\/\">Instagram<\/a><br \/>\n[\/et_pb_team_member][et_pb_team_member name=\u00a0\u00bbEn course pour les jeux !\u00a0\u00bb image_url=\u00a0\u00bbhttps:\/\/www.aperoscope.fr\/wp-content\/uploads\/2023\/06\/Encoursepourlesjeux-1-scaled.jpg\u00a0\u00bb admin_label=\u00a0\u00bbCeinture Verte\u00a0\u00bb _builder_version=\u00a0\u00bb3.8&Prime;]<strong>C&rsquo;est St\u00e9phane Ostrowski,\u00a0Pr\u00e9sident de la 4\u00e8me Commission : \u00c9ducation, jeunesse, culture, sports et\u00a0Thierry Miguel,\u00a0Vice-Pr\u00e9sident en charge du sport et de la vie associative\u00a0qui nous ont pr\u00e9sent\u00e9 le dispositif \u00ab\u00a0En course pour les jeux !\u00a0\u00bb<\/strong><\/p>\n<p><span style=\"font-weight: 400;\">Cette initiative se d\u00e9roule jusque fin juin 2024 et son objectif est de proposer\u00a0aux \u00e9l\u00e8ves de CM2 et 6<span style=\"font-size: 13.3333px;\">\u00e8me<\/span>\u00a0des rencontres sportives pour d\u00e9couvrir les disciplines et les valeurs de l&rsquo;olympisme. Au total, on d\u00e9nombre 19<\/span><strong>\u00a0<\/strong>journ\u00e9es pr\u00e9vues sur 19 territoires regroupant 39 coll\u00e8ges et 150 \u00e9coles haut-viennoises\u00a0 qui sont appel\u00e9s \u00e0 participer.<\/p>\n<p>Une<strong>\u00a0<\/strong>journ\u00e9e de cl\u00f4ture est pr\u00e9vue en juin 2024 rassemblant tous les participants au lac de Saint-Pardoux dans le cadre de la journ\u00e9e annuelle de l\u2019olympisme du\u00a0Comit\u00e9 D\u00e9partemental Olympique et Sportif.<\/p>\n<p>Retrouvez la pr\u00e9sentation du dispositif dans le pdf :\u00a0<a href=\"https:\/\/www.aperoscope.fr\/wp-content\/uploads\/2023\/06\/04_En_course_pour_les_jeux.pdf\" rel=\"attachment wp-att-1209\">04_En_course_pour_les_jeux<\/a><br \/>\n[\/et_pb_team_member][et_pb_team_member name=\u00a0\u00bbChristophe DAGOT\u00a0\u00bb image_url=\u00a0\u00bbhttps:\/\/www.aperoscope.fr\/wp-content\/uploads\/2023\/06\/resinfit.png\u00a0\u00bb admin_label=\u00a0\u00bbGogaille\u00a0\u00bb _builder_version=\u00a0\u00bb3.8&Prime;]<strong>Christophe Dagot est professeur \u00e0 l\u2019Universit\u00e9 de Limoges \u00e0 l\u2019\u00c9cole National Sup\u00e9rieur d\u2019Ing\u00e9nieur ENSIL-ENSCI depuis 1994, charg\u00e9 actuellement de la mise en place de la transition \u00e9cologique dans la formation, et enseignant au d\u00e9partement G\u00e9nie de l\u2019Eau et de l\u2019Environnement.<\/strong><\/p>\n<p>Il est chercheur dans l\u2019\u00e9quipe UMR INSERM 1092 resinfit de l\u2019universit\u00e9 de Limoges pour y d\u00e9velopper des recherches sur la probl\u00e9matique de la diss\u00e9mination de l\u2019antibior\u00e9sistance dans l\u2019environnement.<\/p>\n<p>Pour retrouver sa pr\u00e9sentation en pdf :\u00a0<a href=\"https:\/\/www.aperoscope.fr\/wp-content\/uploads\/2023\/06\/05_Dagot.pdf\" rel=\"attachment wp-att-1213\">05_Dagot<\/a><br \/>\n[\/et_pb_team_member][et_pb_team_member name=\u00a0\u00bbCano\u00eb Guinguette\u00a0\u00bb position=\u00a0\u00bbsite internet : canoe-guinguette.fr\u00a0\u00bb image_url=\u00a0\u00bbhttps:\/\/www.aperoscope.fr\/wp-content\/uploads\/2023\/06\/logo_general.jpg\u00a0\u00bb facebook_url=\u00a0\u00bbhttps:\/\/www.facebook.com\/canoe.guinguette\u00a0\u00bb admin_label=\u00a0\u00bbLe Four des Casseaux\u00a0\u00bb _builder_version=\u00a0\u00bb3.8&Prime;]<\/p>\n<p><strong>Entre deux saisons \u00e0 \u00eatre barman au bar, Hugo Dagois nous a pr\u00e9sent\u00e9 le concept de Cano\u00eb Guinguette, une guinguette associative \u00e0 Saint Priest sous Aixe.\u00a0<\/strong><\/p>\n<p><span style=\"font-weight: 400;\">Tous les marqueurs de la guinguette classique sont r\u00e9unis dans ce lieu au bord de la Vienne.\u00a0Hugo a pour r\u00f4le de monter le projet administratif, financier et sa gestion avant, pendant et apr\u00e8s la saison en compagnie de trois amis d&rsquo;enfance :\u00a0Salom\u00e9 Gaboriau, Rapha\u00ebl Merlet et lui-m\u00eame.Trois personnalit\u00e9s diff\u00e9rentes aux comp\u00e9tences compl\u00e9mentaires : une artiste, un architecte et un chef d&rsquo;entreprise.<\/span><\/p>\n<p><span style=\"font-weight: 400;\">Le b\u00e2timent\u00a0 a \u00e9t\u00e9 dessin\u00e9 et construit par l&rsquo;\u00e9quipe afin d&rsquo;\u00eatre enti\u00e8rement d\u00e9montable pour ne pas laisser de trace de son passage. La p<\/span><span style=\"font-weight: 400;\">remi\u00e8re saison en 2022 a \u00e9t\u00e9 un \u00e9norme succ\u00e8s.\u00a0<\/span><\/p>\n<p><span style=\"font-weight: 400;\">Les principaux objectifs ont \u00e9t\u00e9 remplis : cr\u00e9er du lien social en milieu rural, proposer un ouverture culturelle gratuite ainsi qu&rsquo;une gestion \u00e9cologique d&rsquo;un \u00e9tablissement recevant du public.<\/span><\/p>\n<p><strong>La r\u00e9ouverture est pr\u00e9vue pour le 15 juin 2023.<\/strong><\/p>\n<p>Retrouvez la pr\u00e9sentation d&rsquo;Hugo en pdf :\u00a0<a href=\"https:\/\/www.aperoscope.fr\/wp-content\/uploads\/2023\/06\/06_canoe_guinguette.pdf\" rel=\"attachment wp-att-1214\">06_canoe_guinguette<\/a><\/p>\n<p>[\/et_pb_team_member][et_pb_team_member name=\u00a0\u00bbLe Buis Blues Festival\u00a0\u00bb position=\u00a0\u00bbSite internet : lebuisbluesfestival.com\u00a0\u00bb image_url=\u00a0\u00bbhttps:\/\/www.aperoscope.fr\/wp-content\/uploads\/2023\/06\/BBF.png\u00a0\u00bb facebook_url=\u00a0\u00bbhttps:\/\/www.facebook.com\/profile.php?id=100057097163661&Prime; admin_label=\u00a0\u00bbDuo d&rsquo;artistes : Isabelle Collett et Mark Collett \u00a0\u00bb _builder_version=\u00a0\u00bb3.8&Prime;]<\/p>\n<div class=\"x11i5rnm xat24cr x1mh8g0r x1vvkbs xtlvy1s x126k92a\">\n<div dir=\"auto\"><strong>Laurent Bourdier, l&rsquo;un des chefs d&rsquo;orchestre du <span class=\"xt0psk2\">Buis Blues Festival<\/span>, le rendez-vous de la fin ao\u00fbt dans les Monts du Limousin nous a pr\u00e9sent\u00e9 la dix-septi\u00e8me \u00e9dition.<\/strong><\/div>\n<div dir=\"auto\"><\/div>\n<div dir=\"auto\">Avec des couleurs musicales qui gravitent autour du blues (oui, vous l&rsquo;aurez compris), ce petit festival a pourtant invit\u00e9 de grandes r\u00e9f\u00e9rences musicales. L&rsquo;occasion parfaite pour vous parler de la r\u00e9putation du festival \u00e0 l&rsquo;international, de sa d\u00e9marche (et parfois des combats) pour mener \u00e0 bien un festival de musique en ruralit\u00e9.<\/div>\n<div dir=\"auto\"><\/div>\n<div dir=\"auto\"><\/div>\n<div dir=\"auto\">La programmation du Buis Blues Festival 2023 a \u00e9t\u00e9 r\u00e9v\u00e9l\u00e9e et <strong>se d\u00e9roulera du\u00a016 au 19 ao\u00fbt 2023<\/strong>. Pour suivre la\u00a0<b><a href=\"https:\/\/www.facebook.com\/events\/218249414255629\/?acontext=%7B%22event_action_history%22%3A%5B%5D%7D%20\">page \u00e9v\u00e9nement\u00a0<\/a><\/b>et <strong><a href=\"(https:\/\/www.lebuisbluesfestival.com\/infos-pratiques\">prendre sa place,<\/a><\/strong> c&rsquo;est maintenant ou jamais !<\/div>\n<\/div>\n<p>Retrouvez la pr\u00e9sentation du Buis Blues Festival en pdf :\u00a0<a href=\"https:\/\/www.aperoscope.fr\/wp-content\/uploads\/2023\/06\/07_Buis_Blues.pdf\" rel=\"attachment wp-att-1141\">07_Buis_Blues<\/a><\/p>\n<p><a href=\"https:\/\/www.youtube.com\/channel\/UCBEWF16OmYQY2foZhUlDyoQ\">Youtube<\/a><\/p>\n<p>[\/et_pb_team_member][et_pb_team_member name=\u00a0\u00bbLa Micro-folie de La Souterraine\u00a0\u00bb position=\u00a0\u00bbSite internet : https:\/\/www.ville-lasouterraine.fr\/attractive\/art-culture\/micro-folie\/\u00a0\u00bb image_url=\u00a0\u00bbhttps:\/\/www.aperoscope.fr\/wp-content\/uploads\/2023\/06\/Sans-titre.jpg\u00a0\u00bb facebook_url=\u00a0\u00bbwww.facebook.com\/microfolie.lasouterraine\u00a0\u00bb admin_label=\u00a0\u00bbClubCr\u00e9aNum\u00a0\u00bb _builder_version=\u00a0\u00bb3.8&Prime;]<strong>Depuis plus de 15 ans, Yann travaille dans le milieu culturel notamment en d\u00e9veloppant des actions de m\u00e9diation \u00e0 travers tout le Limousin, d\u2019abord en Haute Vienne (DRAC), puis en Corr\u00e8ze (Pays d\u2019art et d\u2019histoire V\u00e9z\u00e8re Ardoise, Mus\u00e9es de Tulle) et d\u00e9sormais en Creuse. Il est aujourd\u2019hui en charge de la vie (programmation, m\u00e9diations, communication, partenariats\u2026) de la Microfolie de la Souterraine et du cin\u00e9ma L\u2019Eden. Mais le 04 mai dernier, pour l&rsquo;Ap\u00e9roscope, il a cl\u00f4tur\u00e9 la soir\u00e9e.<\/strong><\/p>\n<p><span style=\"font-weight: 400;\">Micro-Folie est un concept d\u00e9velopp\u00e9 par la Villette dans plusieurs villes de France et port\u00e9 par la municipalit\u00e9 \u00e0 la Souterraine en Creuse depuis f\u00e9vrier 2020. Son objectif premier est d\u2019amener l\u2019art des grands mus\u00e9es au plus pr\u00e8s des habitants gr\u00e2ce au num\u00e9rique et participer \u00e0 d\u00e9velopper ainsi l\u2019\u00e9ducation artistique et culturelle. On y retrouve gratuitement une s\u00e9lection de pr\u00e8s de 3000 \u0153uvres du patrimoine mondial via le mus\u00e9e num\u00e9rique, un outil avec lequel on peut interagir en direct. <\/span><\/p>\n<p><span style=\"font-weight: 400;\">Micro-Folie la Souterraine est \u00e9galement un lieu patrimonial fort, dans le cadre d\u2019une grande chapelle n\u00e9ogothique, l\u2019ancienne chapelle des s\u0153urs du sauveur avec sa nef immense et son espace sc\u00e9nique. Mais plus encore, c\u2019est un espace hybride, d\u2019exposition temporaire, de spectacle vivant, de r\u00e9sidence, de rencontres, d\u2019un fab lab, bref un lieu de culture.\u00a0<\/span><\/p>\n<p>Pour retrouver la pr\u00e9sentation de Yann en pdf :\u00a0<a href=\"https:\/\/www.aperoscope.fr\/wp-content\/uploads\/2023\/06\/08_MicroFolies.pdf\" rel=\"attachment wp-att-1143\">08_MicroFolies<\/a><br \/>\n[\/et_pb_team_member][et_pb_divider _builder_version=\u00a0\u00bb3.8&Prime;][\/et_pb_divider][\/et_pb_column][\/et_pb_row][et_pb_row _builder_version=\u00a0\u00bb3.8&Prime; background_size=\u00a0\u00bbinitial\u00a0\u00bb background_position=\u00a0\u00bbtop_left\u00a0\u00bb background_repeat=\u00a0\u00bbrepeat\u00a0\u00bb][et_pb_column type=\u00a0\u00bb4_4&Prime; _builder_version=\u00a0\u00bb3.0.47&Prime; parallax=\u00a0\u00bboff\u00a0\u00bb parallax_method=\u00a0\u00bbon\u00a0\u00bb][et_pb_text _builder_version=\u00a0\u00bb3.8&Prime;]<\/p>\n<h2>Retour en images des pr\u00e9sentations<\/h2>\n<p>[\/et_pb_text][et_pb_video_slider controls_color=\u00a0\u00bblight\u00a0\u00bb _builder_version=\u00a0\u00bb3.8&Prime;][et_pb_video_slider_item admin_title=\u00a0\u00bbLa bougeotte\u00a0\u00bb src=\u00a0\u00bbhttps:\/\/youtu.be\/1ORPIJyxnFI\u00a0\u00bb _builder_version=\u00a0\u00bb3.8&Prime; show_image_overlay=\u00a0\u00bboff\u00a0\u00bb][\/et_pb_video_slider_item][et_pb_video_slider_item admin_title=\u00a0\u00bbLe Buis Blues Festival\u00a0\u00bb src=\u00a0\u00bbhttps:\/\/youtu.be\/f5yo-frxSNA\u00a0\u00bb _builder_version=\u00a0\u00bb3.8&Prime; show_image_overlay=\u00a0\u00bboff\u00a0\u00bb][\/et_pb_video_slider_item][et_pb_video_slider_item admin_title=\u00a0\u00bbCentre International de l&rsquo;humour de St Just \u00a0\u00bb src=\u00a0\u00bbhttps:\/\/youtu.be\/rml4_3Lv0C0&Prime; _builder_version=\u00a0\u00bb3.8&Prime; show_image_overlay=\u00a0\u00bboff\u00a0\u00bb][\/et_pb_video_slider_item][et_pb_video_slider_item admin_title=\u00a0\u00bbL&rsquo;Oeil\u00a0\u00bb src=\u00a0\u00bbhttps:\/\/youtu.be\/CD34wZ_uWnU\u00a0\u00bb _builder_version=\u00a0\u00bb3.8&Prime; show_image_overlay=\u00a0\u00bboff\u00a0\u00bb][\/et_pb_video_slider_item][et_pb_video_slider_item admin_title=\u00a0\u00bbChristophe Dagot\u00a0\u00bb src=\u00a0\u00bbhttps:\/\/youtu.be\/AXlyJAuFXAU\u00a0\u00bb _builder_version=\u00a0\u00bb3.8&Prime; show_image_overlay=\u00a0\u00bboff\u00a0\u00bb][\/et_pb_video_slider_item][et_pb_video_slider_item admin_title=\u00a0\u00bbCano\u00eb Guinguette\u00a0\u00bb src=\u00a0\u00bbhttps:\/\/youtu.be\/YX2m9YnKieI\u00a0\u00bb _builder_version=\u00a0\u00bb3.8&Prime; show_image_overlay=\u00a0\u00bboff\u00a0\u00bb][\/et_pb_video_slider_item][\/et_pb_video_slider][et_pb_gallery gallery_ids=\u00a0\u00bb1158,1159,1160,1162,1164,1166,1167,1168,1169,1170,1171,1173,1174,1186,1188,1191,1193,1194,1195,1196,1199,1200,1201,1203,1205,1206,1207,1208,1210,1211,1212,1177,1178,1180,1181,1183,1184,1185,1176,1175,1187,1202&Prime; posts_number=\u00a0\u00bb100&Prime; show_title_and_caption=\u00a0\u00bboff\u00a0\u00bb show_pagination=\u00a0\u00bboff\u00a0\u00bb _builder_version=\u00a0\u00bb3.8&Prime;][\/et_pb_gallery][\/et_pb_column][\/et_pb_row][\/et_pb_section]<\/p>\n","protected":false},"excerpt":{"rendered":"<p>[et_pb_section fb_built=\u00a0\u00bb1&Prime; fullwidth=\u00a0\u00bbon\u00a0\u00bb _builder_version=\u00a0\u00bb3.0.47&Prime;][et_pb_fullwidth_image src=\u00a0\u00bbhttps:\/\/www.aperoscope.fr\/wp-content\/uploads\/2023\/06\/Aperoscope11alaCHAPELLEdelavisitation.png\u00a0\u00bb _builder_version=\u00a0\u00bb3.8&Prime;][\/et_pb_fullwidth_image][\/et_pb_section][et_pb_section fb_built=\u00a0\u00bb1&Prime; _builder_version=\u00a0\u00bb3.0.47&Prime;][et_pb_row _builder_version=\u00a0\u00bb3.8&Prime; background_size=\u00a0\u00bbinitial\u00a0\u00bb background_position=\u00a0\u00bbtop_left\u00a0\u00bb background_repeat=\u00a0\u00bbrepeat\u00a0\u00bb][et_pb_column type=\u00a0\u00bb4_4&Prime; _builder_version=\u00a0\u00bb3.0.47&Prime; parallax=\u00a0\u00bboff\u00a0\u00bb parallax_method=\u00a0\u00bbon\u00a0\u00bb][et_pb_text _builder_version=\u00a0\u00bb3.8&Prime;] Ap\u00e9roscope #11 La soir\u00e9e Ap\u00e9roscope #11 s&rsquo;est d\u00e9roul\u00e9e \u00e0 la Chapelle de la Visitation le 4 mai 2023 ! Un grand merci\u00a0 au Conseil D\u00e9partemental de la Haute-Vienne pour leur accueil ! [\/et_pb_text][et_pb_divider _builder_version=\u00a0\u00bb3.8&Prime;][\/et_pb_divider][et_pb_text _builder_version=\u00a0\u00bb3.8&Prime;] Au programme : [&hellip;]<\/p>\n","protected":false},"author":3,"featured_media":1087,"parent":0,"menu_order":0,"comment_status":"closed","ping_status":"closed","template":"","meta":{"footnotes":""},"class_list":["post-1073","page","type-page","status-publish","has-post-thumbnail","hentry"],"_links":{"self":[{"href":"https:\/\/www.aperoscope.fr\/index.php?rest_route=\/wp\/v2\/pages\/1073","targetHints":{"allow":["GET"]}}],"collection":[{"href":"https:\/\/www.aperoscope.fr\/index.php?rest_route=\/wp\/v2\/pages"}],"about":[{"href":"https:\/\/www.aperoscope.fr\/index.php?rest_route=\/wp\/v2\/types\/page"}],"author":[{"embeddable":true,"href":"https:\/\/www.aperoscope.fr\/index.php?rest_route=\/wp\/v2\/users\/3"}],"replies":[{"embeddable":true,"href":"https:\/\/www.aperoscope.fr\/index.php?rest_route=%2Fwp%2Fv2%2Fcomments&post=1073"}],"version-history":[{"count":16,"href":"https:\/\/www.aperoscope.fr\/index.php?rest_route=\/wp\/v2\/pages\/1073\/revisions"}],"predecessor-version":[{"id":1236,"href":"https:\/\/www.aperoscope.fr\/index.php?rest_route=\/wp\/v2\/pages\/1073\/revisions\/1236"}],"wp:featuredmedia":[{"embeddable":true,"href":"https:\/\/www.aperoscope.fr\/index.php?rest_route=\/wp\/v2\/media\/1087"}],"wp:attachment":[{"href":"https:\/\/www.aperoscope.fr\/index.php?rest_route=%2Fwp%2Fv2%2Fmedia&parent=1073"}],"curies":[{"name":"wp","href":"https:\/\/api.w.org\/{rel}","templated":true}]}}